{"id":6338,"date":"2022-04-19T21:53:37","date_gmt":"2022-04-19T19:53:37","guid":{"rendered":"https:\/\/www.vaultingworld.com\/?page_id=6338"},"modified":"2024-01-12T23:03:48","modified_gmt":"2024-01-12T22:03:48","slug":"vaulting-events","status":"publish","type":"page","link":"https:\/\/www.vaultingworld.com\/de\/vaulting-events\/","title":{"rendered":"VW Events"},"content":{"rendered":"<div class=\"wp-block-jetpack-google-calendar\"><iframe loading=\"lazy\" src=\"https:\/\/calendar.google.com\/calendar\/embed?height=600&#038;wkst=2&#038;bgcolor=%23ffffff&#038;ctz=Europe%2FMadrid&#038;showNav=1&#038;showCalendars=0&#038;showPrint=0&#038;title=Vaulting%20Events&#038;showTabs=0&#038;showDate=1&#038;showTz=0&#038;src=MmZ0NDNsNnM4cWVqMGR2aGdpbTlkNnYwcWNAZ3JvdXAuY2FsZW5kYXIuZ29vZ2xlLmNvbQ&#038;color=%23AD1457\" frameborder=\"0\" style=\"border:0\" scrolling=\"no\" height=\"600\" width=\"100%\" sandbox=\"allow-scripts allow-same-origin allow-popups\"><\/iframe><\/div>\n\n\n\t\t<table class=\"upcoming-events\">\n\t\t\t<thead>\n\t\t\t\t<tr>\n\t\t\t\t\t<th>Ort<\/th>\n\t\t\t\t\t<th>Wann<\/th>\n\t\t\t\t\t<th>Zusammenfassung<\/th>\n\t\t\t\t\t<th>Beschreibung<\/th>\n\t\t\t\t<\/tr>\n\t\t\t<\/thead>\n\t\t\t<tbody>\n\t\t\t\t\t\t\t<tr>\n\t\t\t\t\t<td>\n\t\t\t\t\tLier, 2500 Lier, Belgium\t\t\t\t\t<\/td>\n\t\t\t\t\t<td>29 April 2026 &ndash; 3 Mai 2026<\/td>\n\t\t\t\t\t<td>\n\t\t\t\t\tCVI Lier\t\t\t\t\t<\/td>\n\t\t\t\t\t<td>\n\t\t\t\t\tCVI3* WCupQ, CVI2*, CVIY2*, CVICh2*, CVIJ2*, CVI1*, CVICh1*, CVIJ1*\t\t\t\t\t<\/td>\n\t\t\t\t<\/tr>\n\t\t\t\t\t\t\t<tr>\n\t\t\t\t\t<td>\n\t\t\t\t\tYp\u00e4j\u00e4, 32100 Yp\u00e4j\u00e4, Finland\t\t\t\t\t<\/td>\n\t\t\t\t\t<td>1 Mai 2026 &ndash; 3 Mai 2026<\/td>\n\t\t\t\t\t<td>\n\t\t\t\t\tCVI Yp\u00e4j\u00e4\t\t\t\t\t<\/td>\n\t\t\t\t\t<td>\n\t\t\t\t\tCVI3* WCupQ, CVI2*, CVICh2*, CVIJ2*, CVIY2*, CVI1*, CVICh1*, CVIJ1*\t\t\t\t\t<\/td>\n\t\t\t\t<\/tr>\n\t\t\t\t\t\t\t<tr>\n\t\t\t\t\t<td>\n\t\t\t\t\tArendal, Norway\t\t\t\t\t<\/td>\n\t\t\t\t\t<td>8 Mai 2026 &ndash; 10 Mai 2026<\/td>\n\t\t\t\t\t<td>\n\t\t\t\t\tCVI Arendal\t\t\t\t\t<\/td>\n\t\t\t\t\t<td>\n\t\t\t\t\tCVI3* WCupQ, CVI2*, CVICh2*, CVIJ2*, CVIY2*, CVI1*, CVICh1*, CVIJ1*\t\t\t\t\t<\/td>\n\t\t\t\t<\/tr>\n\t\t\t\t\t\t\t<tr>\n\t\t\t\t\t<td>\n\t\t\t\t\tStadl-Paura, 4651 Stadl-Paura, Austria\t\t\t\t\t<\/td>\n\t\t\t\t\t<td>14 Mai 2026 &ndash; 17 Mai 2026<\/td>\n\t\t\t\t\t<td>\n\t\t\t\t\tCVI Stadl-Paura\t\t\t\t\t<\/td>\n\t\t\t\t\t<td>\n\t\t\t\t\tCVI3* WCupQ, CVI2*, CVIJ2*, CVICh2*, CVIY2*, CVI1*, CVICh1*, CVIJ1*\t\t\t\t\t<\/td>\n\t\t\t\t<\/tr>\n\t\t\t\t\t\t\t<tr>\n\t\t\t\t\t<td>\n\t\t\t\t\tWoodside, CA, USA\t\t\t\t\t<\/td>\n\t\t\t\t\t<td>14 Mai 2026 &ndash; 16 Mai 2026<\/td>\n\t\t\t\t\t<td>\n\t\t\t\t\tCVI Woodside\t\t\t\t\t<\/td>\n\t\t\t\t\t<td>\n\t\t\t\t\tCVI3* WCupQ, CVI2*, CVIJ2*, CVICh2*, CVIY2*, CVI1*, CVIJ1*, CVICh1*\t\t\t\t\t<\/td>\n\t\t\t\t<\/tr>\n\t\t\t\t\t\t\t<tr>\n\t\t\t\t\t<td>\n\t\t\t\t\tCastle Rock, CO, USA\t\t\t\t\t<\/td>\n\t\t\t\t\t<td>20 Mai 2026 &ndash; 22 Mai 2026<\/td>\n\t\t\t\t\t<td>\n\t\t\t\t\tCVI Castle Rock\t\t\t\t\t<\/td>\n\t\t\t\t\t<td>\n\t\t\t\t\tCVI3* WCupQ, CVI2*, CVIJ2*, CVICh2*, CVIY2*, CVI1*, CVIJ1*, CVICh1*\t\t\t\t\t<\/td>\n\t\t\t\t<\/tr>\n\t\t\t\t\t\t\t<tr>\n\t\t\t\t\t<td>\n\t\t\t\t\tMote\u0161ice, 913 26 Mote\u0161ice, Slovakia\t\t\t\t\t<\/td>\n\t\t\t\t\t<td>28 Mai 2026 &ndash; 31 Mai 2026<\/td>\n\t\t\t\t\t<td>\n\t\t\t\t\tCVI Motesice\t\t\t\t\t<\/td>\n\t\t\t\t\t<td>\n\t\t\t\t\tCVI3* WCupQ, CVICh2*, CVIJ2*, CVIY2*, CVI2*, CVICh1*, CVIJ1*, CVI1*\t\t\t\t\t<\/td>\n\t\t\t\t<\/tr>\n\t\t\t\t\t\t\t<tr>\n\t\t\t\t\t<td>\n\t\t\t\t\tOpglabbeek, 3660 Oudsbergen, Belgium\t\t\t\t\t<\/td>\n\t\t\t\t\t<td>28 Mai 2026 &ndash; 31 Mai 2026<\/td>\n\t\t\t\t\t<td>\n\t\t\t\t\tCVI Opglabbeek\t\t\t\t\t<\/td>\n\t\t\t\t\t<td>\n\t\t\t\t\tCVI3* WCupQ, CVI2*, CVIY2*, CVIJ2*, CVICh2*, CVI1*, CVIJ1*, CVICh1*\t\t\t\t\t<\/td>\n\t\t\t\t<\/tr>\n\t\t\t\t\t\t\t<tr>\n\t\t\t\t\t<td>\n\t\t\t\t\tVerolanuova, 25028 Verolanuova BS, Italy\t\t\t\t\t<\/td>\n\t\t\t\t\t<td>4 Juni 2026 &ndash; 7 Juni 2026<\/td>\n\t\t\t\t\t<td>\n\t\t\t\t\tCVI Verolanuova\t\t\t\t\t<\/td>\n\t\t\t\t\t<td>\n\t\t\t\t\tCVI3* WCupQ, CVI2*, CVIY2*, CVIJ2*, CVICh2*, CVI1*, CVIJ1*, CVICh1*\t\t\t\t\t<\/td>\n\t\t\t\t<\/tr>\n\t\t\t\t\t\t\t<tr>\n\t\t\t\t\t<td>\n\t\t\t\t\tKrumke, Germany\t\t\t\t\t<\/td>\n\t\t\t\t\t<td>4 Juni 2026 &ndash; 7 Juni 2026<\/td>\n\t\t\t\t\t<td>\n\t\t\t\t\tCVI Krumke\t\t\t\t\t<\/td>\n\t\t\t\t\t<td>\n\t\t\t\t\tCVI3* WCupQ, CVI2*, CVICh2*, CVIJ2*, CVIY2*, CVI1*, CVICh1*, CVIJ1*\t\t\t\t\t<\/td>\n\t\t\t\t<\/tr>\n\t\t\t\t\t\t\t<tr>\n\t\t\t\t\t<td>\n\t\t\t\t\tWarendorf, 48231 Warendorf, Germany\t\t\t\t\t<\/td>\n\t\t\t\t\t<td>10 Juni 2026 &ndash; 14 Juni 2026<\/td>\n\t\t\t\t\t<td>\n\t\t\t\t\tCVIO Warendorf\t\t\t\t\t<\/td>\n\t\t\t\t\t<td>\n\t\t\t\t\tCVIO4* WCupQ, CVI3* WCupQ, CVIJ2*, CVIY2*, CVICh2*, CVIJ1*, CVICh1*\t\t\t\t\t<\/td>\n\t\t\t\t<\/tr>\n\t\t\t\t\t\t\t<tr>\n\t\t\t\t\t<td>\n\t\t\t\t\tPartynice, Wroc\u0142aw, Poland\t\t\t\t\t<\/td>\n\t\t\t\t\t<td>11 Juni 2026 &ndash; 14 Juni 2026<\/td>\n\t\t\t\t\t<td>\n\t\t\t\t\tCVI Wroclaw\t\t\t\t\t<\/td>\n\t\t\t\t\t<td>\n\t\t\t\t\tCVI3* WCupQ, CVICh2*, CVIJ2*, CVIY2*, CVI2*, CVI2*, CVICh1*, CVIJ1*, CVI1*\t\t\t\t\t<\/td>\n\t\t\t\t<\/tr>\n\t\t\t\t\t\t\t<tr>\n\t\t\t\t\t<td>\n\t\t\t\t\tErmelo, Netherlands\t\t\t\t\t<\/td>\n\t\t\t\t\t<td>19 Juni 2026<\/td>\n\t\t\t\t\t<td>\n\t\t\t\t\tCVI Ermelo\t\t\t\t\t<\/td>\n\t\t\t\t\t<td>\n\t\t\t\t\tCVI1*, CVIJ1*, CVICh1*\t\t\t\t\t<\/td>\n\t\t\t\t<\/tr>\n\t\t\t\t\t\t\t<tr>\n\t\t\t\t\t<td>\n\t\t\t\t\tFlyinge, 247 47 Flyinge, Sweden\t\t\t\t\t<\/td>\n\t\t\t\t\t<td>26 Juni 2026 &ndash; 28 Juni 2026<\/td>\n\t\t\t\t\t<td>\n\t\t\t\t\tCVI Flyinge\t\t\t\t\t<\/td>\n\t\t\t\t\t<td>\n\t\t\t\t\tCVI3* WCupQ, CVI2*, CVIY2*, CVIJ2*, CVICh2*, CVI1*, CVIJ1*, CVICh1*\t\t\t\t\t<\/td>\n\t\t\t\t<\/tr>\n\t\t\t\t\t\t\t<tr>\n\t\t\t\t\t<td>\n\t\t\t\t\tLe Mans, France\t\t\t\t\t<\/td>\n\t\t\t\t\t<td>29 Juli 2026 &ndash; 2 August 2026<\/td>\n\t\t\t\t\t<td>\n\t\t\t\t\tFEI European Championships for Juniors &amp; Young Vaulters\t\t\t\t\t<\/td>\n\t\t\t\t\t<td>\n\t\t\t\t\tCH-EU-Y-V, CH-EU-J-V, CVI3* WCupQ\t\t\t\t\t<\/td>\n\t\t\t\t<\/tr>\n\t\t\t\t\t\t\t<tr>\n\t\t\t\t\t<td>\n\t\t\t\t\tAachen, Germany\t\t\t\t\t<\/td>\n\t\t\t\t\t<td>12 August 2026 &ndash; 16 August 2026<\/td>\n\t\t\t\t\t<td>\n\t\t\t\t\tFEI World Championships for Seniors\t\t\t\t\t<\/td>\n\t\t\t\t\t<td>\n\t\t\t\t\tCH-M-V WCupQ\t\t\t\t\t<\/td>\n\t\t\t\t<\/tr>\n\t\t\t\t\t\t\t<tr>\n\t\t\t\t\t<td>\n\t\t\t\t\tVancouver, BC, Canada\t\t\t\t\t<\/td>\n\t\t\t\t\t<td>11 September 2026 &ndash; 14 September 2026<\/td>\n\t\t\t\t\t<td>\n\t\t\t\t\tCVI Vancouver\t\t\t\t\t<\/td>\n\t\t\t\t\t<td>\n\t\t\t\t\tCVI3* WCupQ, CVI2*, CVIY2*, CVIJ2*, CVICh2*, CVI1*, CVIJ1*, CVICh1*\t\t\t\t\t<\/td>\n\t\t\t\t<\/tr>\n\t\t\t\t\t\t\t<tr>\n\t\t\t\t\t<td>\n\t\t\t\t\tRadzionk\u00f3w, Poland\t\t\t\t\t<\/td>\n\t\t\t\t\t<td>25 September 2026 &ndash; 27 September 2026<\/td>\n\t\t\t\t\t<td>\n\t\t\t\t\tCVI Radzionkow\t\t\t\t\t<\/td>\n\t\t\t\t\t<td>\n\t\t\t\t\tCVI2*, CVIY2*, CVIJ2*, CVICh2*, CVI1*, CVIJ1*, CVICh1*\t\t\t\t\t<\/td>\n\t\t\t\t<\/tr>\n\t\t\t\t\t\t\t<tr>\n\t\t\t\t\t<td>\n\t\t\t\t\tOcala, FL, USA\t\t\t\t\t<\/td>\n\t\t\t\t\t<td>27 November 2026 &ndash; 29 November 2026<\/td>\n\t\t\t\t\t<td>\n\t\t\t\t\tCVI Ocala\t\t\t\t\t<\/td>\n\t\t\t\t\t<td>\n\t\t\t\t\tCVI3* WCupQ, CVI2*, CVIJ2*, CVICh2*, CVIY2*, CVI1*, CVIJ1*, CVICh1*\t\t\t\t\t<\/td>\n\t\t\t\t<\/tr>\n\t\t\t\t\t\t<\/tbody>\n\t\t<\/table>","protected":false},"excerpt":{"rendered":"","protected":false},"author":3,"featured_media":6702,"parent":0,"menu_order":0,"comment_status":"closed","ping_status":"closed","template":"template-cover.php","meta":{"_uag_custom_page_level_css":"","footnotes":""},"class_list":["post-6338","page","type-page","status-publish","has-post-thumbnail","hentry"],"yoast_head":"<!-- This site is optimized with the Yoast SEO plugin v27.5 - https:\/\/yoast.com\/product\/yoast-seo-wordpress\/ -->\n<title>VW Events | Vaulting World<\/title>\n<meta name=\"robots\" content=\"index, follow, max-snippet:-1, max-image-preview:large, max-video-preview:-1\" \/>\n<link rel=\"canonical\" href=\"https:\/\/www.vaultingworld.com\/de\/vaulting-events\/\" \/>\n<meta property=\"og:locale\" content=\"de_DE\" \/>\n<meta property=\"og:type\" content=\"article\" \/>\n<meta property=\"og:title\" content=\"VW Events | Vaulting World\" \/>\n<meta property=\"og:url\" content=\"https:\/\/www.vaultingworld.com\/de\/vaulting-events\/\" \/>\n<meta property=\"og:site_name\" content=\"Vaulting World\" \/>\n<meta property=\"article:publisher\" content=\"http:\/\/facebook.com\/vaultingworld\" \/>\n<meta property=\"article:modified_time\" content=\"2024-01-12T22:03:48+00:00\" \/>\n<meta property=\"og:image\" content=\"https:\/\/www.vaultingworld.com\/wp-content\/uploads\/2022\/08\/Vaulting-Events.png\" \/>\n\t<meta property=\"og:image:width\" content=\"2000\" \/>\n\t<meta property=\"og:image:height\" content=\"500\" \/>\n\t<meta property=\"og:image:type\" content=\"image\/png\" \/>\n<meta name=\"twitter:card\" content=\"summary_large_image\" \/>\n<meta name=\"twitter:label1\" content=\"Gesch\u00e4tzte Lesezeit\" \/>\n\t<meta name=\"twitter:data1\" content=\"1\u00a0Minute\" \/>\n<script type=\"application\/ld+json\" class=\"yoast-schema-graph\">{\"@context\":\"https:\\\/\\\/schema.org\",\"@graph\":[{\"@type\":\"WebPage\",\"@id\":\"https:\\\/\\\/www.vaultingworld.com\\\/vaulting-events\\\/\",\"url\":\"https:\\\/\\\/www.vaultingworld.com\\\/vaulting-events\\\/\",\"name\":\"VW Events | Vaulting World\",\"isPartOf\":{\"@id\":\"https:\\\/\\\/www.vaultingworld.com\\\/#website\"},\"primaryImageOfPage\":{\"@id\":\"https:\\\/\\\/www.vaultingworld.com\\\/vaulting-events\\\/#primaryimage\"},\"image\":{\"@id\":\"https:\\\/\\\/www.vaultingworld.com\\\/vaulting-events\\\/#primaryimage\"},\"thumbnailUrl\":\"https:\\\/\\\/i0.wp.com\\\/www.vaultingworld.com\\\/wp-content\\\/uploads\\\/2022\\\/08\\\/Vaulting-Events.png?fit=2000%2C500&ssl=1\",\"datePublished\":\"2022-04-19T19:53:37+00:00\",\"dateModified\":\"2024-01-12T22:03:48+00:00\",\"breadcrumb\":{\"@id\":\"https:\\\/\\\/www.vaultingworld.com\\\/vaulting-events\\\/#breadcrumb\"},\"inLanguage\":\"de\",\"potentialAction\":[{\"@type\":\"ReadAction\",\"target\":[\"https:\\\/\\\/www.vaultingworld.com\\\/vaulting-events\\\/\"]}]},{\"@type\":\"ImageObject\",\"inLanguage\":\"de\",\"@id\":\"https:\\\/\\\/www.vaultingworld.com\\\/vaulting-events\\\/#primaryimage\",\"url\":\"https:\\\/\\\/i0.wp.com\\\/www.vaultingworld.com\\\/wp-content\\\/uploads\\\/2022\\\/08\\\/Vaulting-Events.png?fit=2000%2C500&ssl=1\",\"contentUrl\":\"https:\\\/\\\/i0.wp.com\\\/www.vaultingworld.com\\\/wp-content\\\/uploads\\\/2022\\\/08\\\/Vaulting-Events.png?fit=2000%2C500&ssl=1\",\"width\":2000,\"height\":500},{\"@type\":\"BreadcrumbList\",\"@id\":\"https:\\\/\\\/www.vaultingworld.com\\\/vaulting-events\\\/#breadcrumb\",\"itemListElement\":[{\"@type\":\"ListItem\",\"position\":1,\"name\":\"Home\",\"item\":\"https:\\\/\\\/www.vaultingworld.com\\\/\"},{\"@type\":\"ListItem\",\"position\":2,\"name\":\"VW Events\"}]},{\"@type\":\"WebSite\",\"@id\":\"https:\\\/\\\/www.vaultingworld.com\\\/#website\",\"url\":\"https:\\\/\\\/www.vaultingworld.com\\\/\",\"name\":\"Vaulting World\",\"description\":\"Connecting Vaulters\",\"publisher\":{\"@id\":\"https:\\\/\\\/www.vaultingworld.com\\\/#organization\"},\"potentialAction\":[{\"@type\":\"SearchAction\",\"target\":{\"@type\":\"EntryPoint\",\"urlTemplate\":\"https:\\\/\\\/www.vaultingworld.com\\\/?s={search_term_string}\"},\"query-input\":{\"@type\":\"PropertyValueSpecification\",\"valueRequired\":true,\"valueName\":\"search_term_string\"}}],\"inLanguage\":\"de\"},{\"@type\":\"Organization\",\"@id\":\"https:\\\/\\\/www.vaultingworld.com\\\/#organization\",\"name\":\"Vaulting World\",\"url\":\"https:\\\/\\\/www.vaultingworld.com\\\/\",\"logo\":{\"@type\":\"ImageObject\",\"inLanguage\":\"de\",\"@id\":\"https:\\\/\\\/www.vaultingworld.com\\\/#\\\/schema\\\/logo\\\/image\\\/\",\"url\":\"https:\\\/\\\/i0.wp.com\\\/www.vaultingworld.com\\\/wp-content\\\/uploads\\\/2017\\\/06\\\/logo_blue.jpg?fit=601%2C601&ssl=1\",\"contentUrl\":\"https:\\\/\\\/i0.wp.com\\\/www.vaultingworld.com\\\/wp-content\\\/uploads\\\/2017\\\/06\\\/logo_blue.jpg?fit=601%2C601&ssl=1\",\"width\":601,\"height\":601,\"caption\":\"Vaulting World\"},\"image\":{\"@id\":\"https:\\\/\\\/www.vaultingworld.com\\\/#\\\/schema\\\/logo\\\/image\\\/\"},\"sameAs\":[\"http:\\\/\\\/facebook.com\\\/vaultingworld\",\"http:\\\/\\\/instagram.com\\\/vaultingworldofficial\",\"https:\\\/\\\/www.youtube.com\\\/channel\\\/UCaDoiVmeldbiAM9pebn-48A\",\"https:\\\/\\\/www.pinterest.de\\\/vaultingworld\\\/\",\"https:\\\/\\\/www.tiktok.com\\\/@vaultingworldofficial\"]}]}<\/script>\n<!-- \/ Yoast SEO plugin. -->","yoast_head_json":{"title":"VW Events | Vaulting World","robots":{"index":"index","follow":"follow","max-snippet":"max-snippet:-1","max-image-preview":"max-image-preview:large","max-video-preview":"max-video-preview:-1"},"canonical":"https:\/\/www.vaultingworld.com\/de\/vaulting-events\/","og_locale":"de_DE","og_type":"article","og_title":"VW Events | Vaulting World","og_url":"https:\/\/www.vaultingworld.com\/de\/vaulting-events\/","og_site_name":"Vaulting World","article_publisher":"http:\/\/facebook.com\/vaultingworld","article_modified_time":"2024-01-12T22:03:48+00:00","og_image":[{"width":2000,"height":500,"url":"https:\/\/www.vaultingworld.com\/wp-content\/uploads\/2022\/08\/Vaulting-Events.png","type":"image\/png"}],"twitter_card":"summary_large_image","twitter_misc":{"Gesch\u00e4tzte Lesezeit":"1\u00a0Minute"},"schema":{"@context":"https:\/\/schema.org","@graph":[{"@type":"WebPage","@id":"https:\/\/www.vaultingworld.com\/vaulting-events\/","url":"https:\/\/www.vaultingworld.com\/vaulting-events\/","name":"VW Events | Vaulting World","isPartOf":{"@id":"https:\/\/www.vaultingworld.com\/#website"},"primaryImageOfPage":{"@id":"https:\/\/www.vaultingworld.com\/vaulting-events\/#primaryimage"},"image":{"@id":"https:\/\/www.vaultingworld.com\/vaulting-events\/#primaryimage"},"thumbnailUrl":"https:\/\/i0.wp.com\/www.vaultingworld.com\/wp-content\/uploads\/2022\/08\/Vaulting-Events.png?fit=2000%2C500&ssl=1","datePublished":"2022-04-19T19:53:37+00:00","dateModified":"2024-01-12T22:03:48+00:00","breadcrumb":{"@id":"https:\/\/www.vaultingworld.com\/vaulting-events\/#breadcrumb"},"inLanguage":"de","potentialAction":[{"@type":"ReadAction","target":["https:\/\/www.vaultingworld.com\/vaulting-events\/"]}]},{"@type":"ImageObject","inLanguage":"de","@id":"https:\/\/www.vaultingworld.com\/vaulting-events\/#primaryimage","url":"https:\/\/i0.wp.com\/www.vaultingworld.com\/wp-content\/uploads\/2022\/08\/Vaulting-Events.png?fit=2000%2C500&ssl=1","contentUrl":"https:\/\/i0.wp.com\/www.vaultingworld.com\/wp-content\/uploads\/2022\/08\/Vaulting-Events.png?fit=2000%2C500&ssl=1","width":2000,"height":500},{"@type":"BreadcrumbList","@id":"https:\/\/www.vaultingworld.com\/vaulting-events\/#breadcrumb","itemListElement":[{"@type":"ListItem","position":1,"name":"Home","item":"https:\/\/www.vaultingworld.com\/"},{"@type":"ListItem","position":2,"name":"VW Events"}]},{"@type":"WebSite","@id":"https:\/\/www.vaultingworld.com\/#website","url":"https:\/\/www.vaultingworld.com\/","name":"Vaulting World","description":"Connecting Vaulters","publisher":{"@id":"https:\/\/www.vaultingworld.com\/#organization"},"potentialAction":[{"@type":"SearchAction","target":{"@type":"EntryPoint","urlTemplate":"https:\/\/www.vaultingworld.com\/?s={search_term_string}"},"query-input":{"@type":"PropertyValueSpecification","valueRequired":true,"valueName":"search_term_string"}}],"inLanguage":"de"},{"@type":"Organization","@id":"https:\/\/www.vaultingworld.com\/#organization","name":"Vaulting World","url":"https:\/\/www.vaultingworld.com\/","logo":{"@type":"ImageObject","inLanguage":"de","@id":"https:\/\/www.vaultingworld.com\/#\/schema\/logo\/image\/","url":"https:\/\/i0.wp.com\/www.vaultingworld.com\/wp-content\/uploads\/2017\/06\/logo_blue.jpg?fit=601%2C601&ssl=1","contentUrl":"https:\/\/i0.wp.com\/www.vaultingworld.com\/wp-content\/uploads\/2017\/06\/logo_blue.jpg?fit=601%2C601&ssl=1","width":601,"height":601,"caption":"Vaulting World"},"image":{"@id":"https:\/\/www.vaultingworld.com\/#\/schema\/logo\/image\/"},"sameAs":["http:\/\/facebook.com\/vaultingworld","http:\/\/instagram.com\/vaultingworldofficial","https:\/\/www.youtube.com\/channel\/UCaDoiVmeldbiAM9pebn-48A","https:\/\/www.pinterest.de\/vaultingworld\/","https:\/\/www.tiktok.com\/@vaultingworldofficial"]}]}},"uagb_featured_image_src":{"full":["https:\/\/i0.wp.com\/www.vaultingworld.com\/wp-content\/uploads\/2022\/08\/Vaulting-Events.png?fit=2000%2C500&ssl=1",2000,500,false],"thumbnail":["https:\/\/i0.wp.com\/www.vaultingworld.com\/wp-content\/uploads\/2022\/08\/Vaulting-Events.png?resize=150%2C150&ssl=1",150,150,true],"medium":["https:\/\/i0.wp.com\/www.vaultingworld.com\/wp-content\/uploads\/2022\/08\/Vaulting-Events.png?fit=300%2C75&ssl=1",300,75,true],"medium_large":["https:\/\/i0.wp.com\/www.vaultingworld.com\/wp-content\/uploads\/2022\/08\/Vaulting-Events.png?fit=600%2C150&ssl=1",600,150,true],"large":["https:\/\/i0.wp.com\/www.vaultingworld.com\/wp-content\/uploads\/2022\/08\/Vaulting-Events.png?fit=600%2C150&ssl=1",600,150,true],"1536x1536":["https:\/\/i0.wp.com\/www.vaultingworld.com\/wp-content\/uploads\/2022\/08\/Vaulting-Events.png?fit=1536%2C384&ssl=1",1536,384,true],"2048x2048":["https:\/\/i0.wp.com\/www.vaultingworld.com\/wp-content\/uploads\/2022\/08\/Vaulting-Events.png?fit=2000%2C500&ssl=1",2000,500,true],"trp-custom-language-flag":["https:\/\/i0.wp.com\/www.vaultingworld.com\/wp-content\/uploads\/2022\/08\/Vaulting-Events.png?fit=18%2C5&ssl=1",18,5,true],"post-thumbnail":["https:\/\/i0.wp.com\/www.vaultingworld.com\/wp-content\/uploads\/2022\/08\/Vaulting-Events.png?fit=870%2C218&ssl=1",870,218,true],"sullivan_fullscreen":["https:\/\/i0.wp.com\/www.vaultingworld.com\/wp-content\/uploads\/2022\/08\/Vaulting-Events.png?fit=1860%2C465&ssl=1",1860,465,true]},"uagb_author_info":{"display_name":"carovw","author_link":"https:\/\/www.vaultingworld.com\/de\/author\/carovw\/"},"uagb_comment_info":0,"uagb_excerpt":null,"jetpack_shortlink":"https:\/\/wp.me\/P8rijD-1Ee","jetpack_sharing_enabled":true,"_links":{"self":[{"href":"https:\/\/www.vaultingworld.com\/de\/wp-json\/wp\/v2\/pages\/6338","targetHints":{"allow":["GET"]}}],"collection":[{"href":"https:\/\/www.vaultingworld.com\/de\/wp-json\/wp\/v2\/pages"}],"about":[{"href":"https:\/\/www.vaultingworld.com\/de\/wp-json\/wp\/v2\/types\/page"}],"author":[{"embeddable":true,"href":"https:\/\/www.vaultingworld.com\/de\/wp-json\/wp\/v2\/users\/3"}],"replies":[{"embeddable":true,"href":"https:\/\/www.vaultingworld.com\/de\/wp-json\/wp\/v2\/comments?post=6338"}],"version-history":[{"count":16,"href":"https:\/\/www.vaultingworld.com\/de\/wp-json\/wp\/v2\/pages\/6338\/revisions"}],"predecessor-version":[{"id":7525,"href":"https:\/\/www.vaultingworld.com\/de\/wp-json\/wp\/v2\/pages\/6338\/revisions\/7525"}],"wp:featuredmedia":[{"embeddable":true,"href":"https:\/\/www.vaultingworld.com\/de\/wp-json\/wp\/v2\/media\/6702"}],"wp:attachment":[{"href":"https:\/\/www.vaultingworld.com\/de\/wp-json\/wp\/v2\/media?parent=6338"}],"curies":[{"name":"wp","href":"https:\/\/api.w.org\/{rel}","templated":true}]}}